{"id":6,"date":"2017-05-13T21:38:55","date_gmt":"2017-05-13T21:38:55","guid":{"rendered":"http:\/\/efg-ansbach.de\/?page_id=6"},"modified":"2022-01-02T21:59:58","modified_gmt":"2022-01-02T21:59:58","slug":"home","status":"publish","type":"page","link":"https:\/\/efg-ansbach.de\/","title":{"rendered":"Start"},"content":{"rendered":"<h1>Herzlich Willkommen auf unserer Gemeindeseite<\/h1>\n<p>Mittlerweile findet Gottesdienste wieder statt. Jedoch gelten folgende <span style=\"color: #ff0000;\"><strong>Auflagen<\/strong><\/span>:<\/p>\n<ul>\n<li>Besucher m\u00fcssen bis zum Sitzplatz eine FFP2-Maske tragen (ausgenommen Kinder unter 6 Jahren), am Sitzplatz kann sie abgenommen werden.<\/li>\n<li>1,5m Mindestabstand ist einzuhalten zu Personen, die nicht zum eigenen Haushalt geh\u00f6ren.<\/li>\n<li>Handdesinfektionsmittel sowie Einmal-Handt\u00fccher stehen am Eingang zur Verf\u00fcgung.<\/li>\n<li>Vor und nach dem Gottesdienst wird gel\u00fcftet.<\/li>\n<\/ul>\n<p>Wir feiern jeden Sontag um <strong>10:00 Uhr\u00a0<\/strong>unseren Gottesdienst.<\/p>\n<p>Ihr findet uns in der W\u00fcrzburger Stra\u00dfe 5, 91522 Ansbach.<\/p>\n","protected":false},"excerpt":{"rendered":"<p>Herzlich Willkommen auf unserer Gemeindeseite Mittlerweile findet Gottesdienste wieder statt. Jedoch gelten folgende Auflagen: Besucher m\u00fcssen bis zum Sitzplatz eine FFP2-Maske tragen (ausgenommen Kinder unter 6 Jahren), am Sitzplatz kann sie abgenommen werden. 1,5m Mindestabstand ist einzuhalten zu Personen, die nicht zum eigenen Haushalt geh\u00f6ren. Handdesinfektionsmittel sowie Einmal-Handt\u00fccher stehen am Eingang zur Verf\u00fcgung. Vor und &hellip; <\/p>\n<p class=\"link-more\"><a href=\"https:\/\/efg-ansbach.de\/\" class=\"more-link\"><span class=\"screen-reader-text\">\u201eStart\u201c<\/span> weiterlesen<\/a><\/p>\n","protected":false},"author":1,"featured_media":0,"parent":0,"menu_order":0,"comment_status":"closed","ping_status":"closed","template":"","meta":[],"_links":{"self":[{"href":"https:\/\/efg-ansbach.de\/index.php?rest_route=\/wp\/v2\/pages\/6"}],"collection":[{"href":"https:\/\/efg-ansbach.de\/index.php?rest_route=\/wp\/v2\/pages"}],"about":[{"href":"https:\/\/efg-ansbach.de\/index.php?rest_route=\/wp\/v2\/types\/page"}],"author":[{"embeddable":true,"href":"https:\/\/efg-ansbach.de\/index.php?rest_route=\/wp\/v2\/users\/1"}],"replies":[{"embeddable":true,"href":"https:\/\/efg-ansbach.de\/index.php?rest_route=%2Fwp%2Fv2%2Fcomments&post=6"}],"version-history":[{"count":10,"href":"https:\/\/efg-ansbach.de\/index.php?rest_route=\/wp\/v2\/pages\/6\/revisions"}],"predecessor-version":[{"id":122,"href":"https:\/\/efg-ansbach.de\/index.php?rest_route=\/wp\/v2\/pages\/6\/revisions\/122"}],"wp:attachment":[{"href":"https:\/\/efg-ansbach.de\/index.php?rest_route=%2Fwp%2Fv2%2Fmedia&parent=6"}],"curies":[{"name":"wp","href":"https:\/\/api.w.org\/{rel}","templated":true}]}}