{"id":9,"date":"2017-05-13T21:47:22","date_gmt":"2017-05-13T21:47:22","guid":{"rendered":"http:\/\/efg-ansbach.de\/?page_id=9"},"modified":"2017-05-13T21:47:22","modified_gmt":"2017-05-13T21:47:22","slug":"ueber-uns","status":"publish","type":"page","link":"https:\/\/efg-ansbach.de\/?page_id=9","title":{"rendered":"\u00dcber Uns"},"content":{"rendered":"<h1>Evangelisch <strong>freie<\/strong> Gemeinde Ansbach<\/h1>\n<p>Was hei\u00dft das?<\/p>\n<p><span style=\"color: #f80909;\"><span style=\"font-family: Verdana, Geneva, Helvetica, Arial, sans-serif;\"><span style=\"font-size: small;\">Evangelisch<\/span><\/span><\/span><span style=\"color: #000000;\"><span style=\"font-family: Verdana, Geneva, Helvetica, Arial, sans-serif;\"><span style=\"font-size: small;\">\u00a0&#8211; steht f\u00fcr den evangelischen Glauben, der mit der Reformation in Deutschland durch Luther und andere Reformatoren Verbreitung fand.<\/p>\n<p><\/span><\/span><\/span><span style=\"color: #0900ac;\"><span style=\"font-family: Verdana, Geneva, Helvetica, Arial, sans-serif;\"><span style=\"font-size: small;\">Frei<\/span><\/span><\/span><span style=\"color: #000000;\"><span style=\"font-family: Verdana, Geneva, Helvetica, Arial, sans-serif;\"><span style=\"font-size: small;\">\u00a0&#8211; steht f\u00fcr Freikirche. Wir sind eine freie eigenst\u00e4ndige Gemeinde, ohne offiziellen Bezug zur Staats- oder Volkskirche. Als solche wahren wir uns jegliche Unabh\u00e4ngigkeit vom Staat. Zudem sind wir als gemeinn\u00fctziger Verein anerkannt.<\/p>\n<p><\/span><\/span><\/span><span style=\"color: #41f010;\"><span style=\"font-family: Verdana, Geneva, Helvetica, Arial, sans-serif;\"><span style=\"font-size: small;\">Gemeinde<\/span><\/span><\/span><span style=\"color: #000000;\"><span style=\"font-family: Verdana, Geneva, Helvetica, Arial, sans-serif;\"><span style=\"font-size: small;\">\u00a0&#8211; steht f\u00fcr eine Gemeinschaft wiedergeborener Christen, die durch die Bekehrung zu Jesus Christus ihre neue Identit\u00e4t gefunden haben und ihren Lebensstil nach den biblischen Ma\u00dfst\u00e4ben ausrichten.<\/span><\/span><\/span><\/p>\n","protected":false},"excerpt":{"rendered":"<p>Evangelisch freie Gemeinde Ansbach Was hei\u00dft das? Evangelisch\u00a0&#8211; steht f\u00fcr den evangelischen Glauben, der mit der Reformation in Deutschland durch Luther und andere Reformatoren Verbreitung fand. Frei\u00a0&#8211; steht f\u00fcr Freikirche. Wir sind eine freie eigenst\u00e4ndige Gemeinde, ohne offiziellen Bezug zur Staats- oder Volkskirche. Als solche wahren wir uns jegliche Unabh\u00e4ngigkeit vom Staat. Zudem sind wir &hellip; <\/p>\n<p class=\"link-more\"><a href=\"https:\/\/efg-ansbach.de\/?page_id=9\" class=\"more-link\"><span class=\"screen-reader-text\">\u201e\u00dcber Uns\u201c<\/span> weiterlesen<\/a><\/p>\n","protected":false},"author":1,"featured_media":0,"parent":0,"menu_order":0,"comment_status":"closed","ping_status":"closed","template":"","meta":[],"_links":{"self":[{"href":"https:\/\/efg-ansbach.de\/index.php?rest_route=\/wp\/v2\/pages\/9"}],"collection":[{"href":"https:\/\/efg-ansbach.de\/index.php?rest_route=\/wp\/v2\/pages"}],"about":[{"href":"https:\/\/efg-ansbach.de\/index.php?rest_route=\/wp\/v2\/types\/page"}],"author":[{"embeddable":true,"href":"https:\/\/efg-ansbach.de\/index.php?rest_route=\/wp\/v2\/users\/1"}],"replies":[{"embeddable":true,"href":"https:\/\/efg-ansbach.de\/index.php?rest_route=%2Fwp%2Fv2%2Fcomments&post=9"}],"version-history":[{"count":1,"href":"https:\/\/efg-ansbach.de\/index.php?rest_route=\/wp\/v2\/pages\/9\/revisions"}],"predecessor-version":[{"id":10,"href":"https:\/\/efg-ansbach.de\/index.php?rest_route=\/wp\/v2\/pages\/9\/revisions\/10"}],"wp:attachment":[{"href":"https:\/\/efg-ansbach.de\/index.php?rest_route=%2Fwp%2Fv2%2Fmedia&parent=9"}],"curies":[{"name":"wp","href":"https:\/\/api.w.org\/{rel}","templated":true}]}}